{"id":98,"date":"2010-08-26T18:17:42","date_gmt":"2010-08-26T18:17:42","guid":{"rendered":"http:\/\/souheganwood.com\/?page_id=98"},"modified":"2015-03-18T08:01:18","modified_gmt":"2015-03-18T08:01:18","slug":"cn-industries","status":"publish","type":"page","link":"https:\/\/souheganwood.com\/zh-hans\/cn-industries\/","title":{"rendered":"\u00e4\u00ba\u00a7\u00e4\u00b8\u0161\u00e7\u2022\u0152"},"content":{"rendered":"<h1>\u00e4\u00b8\u20ac\u00e4\u00bd\u008d\u00e5\u008f\u00af\u00e9\u009d\u00a0\u00e7\u0161\u201e\u00e4\u00bc\u0081\u00e4\u00b8\u0161\u00e4\u00bc\u2122\u00e4\u00bc\u00b4<\/h1>\n<p>\u00e6\u02c6\u2018\u00e4\u00bb\u00ac\u00e7\u0178\u00a5\u00e9\u0081\u201c\u00e7\u201d\u0178\u00e4\u00ba\u00a7\u00e7\u00ba\u00bf\u00e7\u0161\u201e\u00e5\u0081\u0153\u00e5\u00b7\u00a5\u00e6\u201e\u008f\u00e5\u2018\u00b3\u00e7\u009d\u20ac\u00e5\u02c6\u00a9\u00e6\u00b6\u00a6\u00e4\u00bb\u00b7\u00e5\u20ac\u00bc\u00e6\u008d\u0178\u00e5\u00a4\u00b1\u00e5\u2019\u0152\u00e5\u00ae\u00a2\u00e6\u02c6\u00b7\u00e4\u00b8\u008d\u00e6\u00bb\u00a1\u00e5\u00a2\u017e\u00e5\u0160\u00a0\u00ef\u00bc\u0152\u00e5\u0090\u0152\u00e6\u2014\u00b6\u00e7\u201d\u0178\u00e4\u00ba\u00a7\u00e5\u00b7\u00a5\u00e8\u2030\u00ba\u00e6\u201e\u008f\u00e5\u2018\u00b3\u00e7\u009d\u20ac\u00e4\u00b8\u20ac\u00e5\u02c6\u2021\u00e3\u20ac\u201a\u00e8\u00bf\u2122\u00e4\u00b9\u0178\u00e6\u02dc\u00af\u00e4\u00b8\u00ba\u00e4\u00bb\u20ac\u00e4\u00b9\u02c6\u00e6\u02c6\u2018\u00e4\u00bb\u00ac\u00e7\u0161\u201e\u00e6\u00af\u008f\u00e4\u00b8\u20ac\u00e6\u00a0\u00b7\u00e4\u00ba\u00a7\u00e5\u201c\u0081\u00e9\u0192\u00bd\u00e6\u02dc\u00af\u00e4\u00b8\u201c\u00e7\u00b2\u00be\u00e7\u00a0\u201d\u00e5\u008f\u2018\u00ef\u00bc\u0152\u00e6\u02c6\u2018\u00e4\u00bb\u00ac\u00e7\u0161\u201e\u00e5\u00ba\u201c\u00e5\u00ad\u02dc\u00e9\u0161\u008f\u00e6\u2014\u00b6\u00e6\u00bb\u00a1\u00e4\u00bb\u201c\u00ef\u00bc\u0152\u00e5\u008f\u00af\u00e5\u0153\u00a8\u00e6\u201d\u00b6\u00e5\u02c6\u00b0\u00e8\u00ae\u00a2\u00e5\u008d\u2022\u00e5\u0090\u017d\u00e7\u00ab\u2039\u00e5\u008d\u00b3\u00e5\u2021\u00ba\u00e8\u00b4\u00a7\u00ef\u00bc\u0152\u00e6\u2030\u20ac\u00e4\u00bb\u00a5\u00e6\u201a\u00a8\u00e7\u00bb\u009d\u00e4\u00b8\u008d\u00e4\u00bc\u0161\u00e5\u203a\u00a0\u00e7\u00bc\u00ba\u00e8\u00b4\u00a7\u00e8\u20ac\u0152\u00e4\u00b8\u00ad\u00e6\u2013\u00ad\u00e7\u201d\u0178\u00e4\u00ba\u00a7\u00e7\u00ba\u00bf\u00e3\u20ac\u201a<\/p>\n<p>\u00e7\u201a\u00b9\u00e5\u2021\u00bb\u00e8\u00a1\u0152\u00e4\u00b8\u0161\u00e5\u0090\u008d\u00e7\u00a7\u00b0\u00e5\u008f\u00af\u00e4\u00ba\u2020\u00e8\u00a7\u00a3\u00e6\u02c6\u2018\u00e4\u00bb\u00ac\u00e7\u0161\u201e\u00e4\u00ba\u00a7\u00e5\u201c\u0081\u00e5\u00a6\u201a\u00e4\u00bd\u2022\u00e5\u00b8\u00ae\u00e5\u0160\u00a9\u00e5\u0090\u201e\u00e8\u00a1\u0152\u00e4\u00b8\u0161\u00e6\u017d\u00a7\u00e5\u02c6\u00b6\u00e6\u02c6\u0090\u00e6\u0153\u00ac\u00ef\u00bc\u0152\u00e6\u008f\u0090\u00e9\u00ab\u02dc\u00e6\u2022\u02c6\u00e7\u017d\u2021\u00e5\u2019\u0152\u00e8\u00b4\u00a8\u00e9\u2021\u008f\u00e3\u20ac\u201a<\/p>\n","protected":false},"excerpt":{"rendered":"<p>\u00e4\u00b8\u20ac\u00e4\u00bd\u008d\u00e5\u008f\u00af\u00e9\u009d\u00a0\u00e7\u0161\u201e\u00e4\u00bc\u0081\u00e4\u00b8\u0161\u00e4\u00bc\u2122\u00e4\u00bc\u00b4 \u00e6\u02c6\u2018\u00e4\u00bb\u00ac\u00e7\u0178\u00a5\u00e9\u0081\u201c\u00e7\u201d\u0178\u00e4\u00ba\u00a7\u00e7\u00ba\u00bf\u00e7\u0161\u201e\u00e5\u0081\u0153 [&hellip;]<\/p>\n","protected":false},"author":1,"featured_media":0,"parent":0,"menu_order":0,"comment_status":"open","ping_status":"open","template":"primary-industries.php","meta":[],"_links":{"self":[{"href":"https:\/\/souheganwood.com\/zh-hans\/wp-json\/wp\/v2\/pages\/98"}],"collection":[{"href":"https:\/\/souheganwood.com\/zh-hans\/wp-json\/wp\/v2\/pages"}],"about":[{"href":"https:\/\/souheganwood.com\/zh-hans\/wp-json\/wp\/v2\/types\/page"}],"author":[{"embeddable":true,"href":"https:\/\/souheganwood.com\/zh-hans\/wp-json\/wp\/v2\/users\/1"}],"replies":[{"embeddable":true,"href":"https:\/\/souheganwood.com\/zh-hans\/wp-json\/wp\/v2\/comments?post=98"}],"version-history":[{"count":0,"href":"https:\/\/souheganwood.com\/zh-hans\/wp-json\/wp\/v2\/pages\/98\/revisions"}],"wp:attachment":[{"href":"https:\/\/souheganwood.com\/zh-hans\/wp-json\/wp\/v2\/media?parent=98"}],"curies":[{"name":"wp","href":"https:\/\/api.w.org\/{rel}","templated":true}]}}