{"id":97,"date":"2011-02-01T17:20:12","date_gmt":"2011-09-12T18:40:54","guid":{"rendered":"http:\/\/souheganwood.com\/?page_id=97"},"modified":"2011-09-13T17:41:48","modified_gmt":"2011-09-13T17:41:48","slug":"cn-pallet-spacers","status":"publish","type":"page","link":"https:\/\/souheganwood.com\/zh-hans\/cn-products\/cn-pallet-spacers\/","title":{"rendered":"\u00e6\u2030\u02dc\u00e7\u203a\u02dc\u00e5\u017e\u00ab\u00e6\u0153\u00a8"},"content":{"rendered":"<h1>\u00e6\u2030\u02dc\u00e7\u203a\u02dc\u00e5\u017e\u00ab\u00e6\u0153\u00a8 &#8211; \u00e8\u00bf\u0090\u00e9\u20ac\u0081\u00e4\u00b8\u00ad\u00e7\u0161\u201e\u00e6\u0160\u00a4\u00e5\u008d\u00ab<\/h1>\n<p>\u00e5\u00af\u00bf\u00e5\u0090\u02c6\u00e5\u02c6\u0161\u00e6\u0153\u00a8\u00e6\u009d\u0090\u00e4\u00ba\u00a7\u00e5\u201c\u0081\u00e5\u2026\u00ac\u00e5\u008f\u00b8\u00e5\u017d\u2039\u00e7\u00bc\u00a9\u00e6\u00a8\u00a1\u00e5\u02c6\u00b6\u00e6\u00af\u008f\u00e4\u00b8\u20ac\u00e4\u00b8\u00aa\u00e6\u2030\u02dc\u00e7\u203a\u02dc\u00e5\u017e\u00ab\u00e6\u0153\u00a8\u00e5\u009d\u2014\u00e4\u00bb\u00a5\u00e8\u00be\u00be\u00e5\u02c6\u00b0\u00e6\u0153\u20ac\u00e4\u00bd\u00b3\u00e7\u0161\u201e\u00e8\u20ac\u0090\u00e4\u00b9\u2026\u00e6\u20ac\u00a7\u00ef\u00bc\u0152\u00e9\u2021\u008d\u00e9\u2021\u008f\u00e7\u0161\u201e\u00e4\u00b8\u20ac\u00e8\u2021\u00b4\u00e6\u20ac\u00a7\u00ef\u00bc\u0152\u00e4\u00bb\u00a5\u00e5\u008f\u0160\u00e6\u0152\u0081\u00e7\u2022\u2122\u00e9\u201c\u0081\u00e9\u2019\u2030\u00e7\u0161\u201e\u00e7\u00a8\u00b3\u00e5\u203a\u00ba\u00e6\u20ac\u00a7\u00e3\u20ac\u201a\u00e5\u0090\u201e\u00e7\u00a7\u008d\u00e4\u00b8\u008d\u00e5\u0090\u0152\u00e7\u201d\u00a8\u00e9\u20ac\u201d\u00e7\u0161\u201e\u00e6\u2030\u02dc\u00e7\u203a\u02dc\u00e4\u00bd\u00bf\u00e7\u201d\u00a8\u00e8\u00bf\u2122\u00e4\u00ba\u203a\u00e8\u00bd\u00bb\u00e5\u00b7\u00a7\u00e7\u0161\u201e\u00e5\u017e\u00ab\u00e6\u0153\u00a8\u00e6\u203a\u00b4\u00e8\u0192\u00bd\u00e6\u02dc\u00be\u00e5\u2021\u00ba\u00e5\u009d\u0161\u00e5\u203a\u00ba\u00e7\u0161\u201e\u00e6\u2022\u00b4\u00e4\u00bd\u201c\u00e6\u20ac\u00a7\u00e3\u20ac\u201a\u00e8\u20ac\u0152\u00e4\u00b8\u201d\u00e5\u203a\u00a0\u00e4\u00b8\u00ba\u00e5\u00ae\u0192\u00e4\u00bb\u00ac\u00e6\u02dc\u00af\u00e7\u201d\u00b1\u00e5\u203a\u017e\u00e6\u201d\u00b6\u00e7\u0161\u201e\u00e6\u0153\u00a8\u00e7\u00b2\u2019\u00e5\u0081\u0161\u00e6\u02c6\u0090\u00ef\u00bc\u0152\u00e6\u02c6\u2018\u00e4\u00bb\u00ac\u00e7\u0161\u201e\u00e5\u017e\u00ab\u00e6\u0153\u00a8\u00e5\u009d\u2014\u00e5\u008f\u00af\u00e4\u00bb\u00a5\u00e5\u00b8\u00ae\u00e5\u0160\u00a9\u00e6\u0153\u00a8\u00e6\u009d\u0090\u00e6\u2030\u02dc\u00e7\u203a\u02dc\u00e5\u02c6\u00b6\u00e9\u20ac\u00a0\u00e5\u2022\u2020\u00e5\u008f\u0160\u00e4\u00bf\u00ae\u00e6\u0160\u00a4\u00e5\u017d\u201a\u00e6\u00bb\u00a1\u00e8\u00b6\u00b3\u00e6\u00b8\u0090\u00e5\u00a2\u017e\u00e7\u0161\u201e\u00e5\u0153\u00a8\u00e6\u2022\u00b4\u00e5\u00a5\u2014\u00e6\u02c6\u0090\u00e5\u201c\u0081\u00e4\u00b8\u00ad\u00e5\u0160\u00a0\u00e8\u00bf\u203a\u00e6\u203a\u00b4\u00e5\u00a4\u0161\u00e5\u203a\u017e\u00e6\u201d\u00b6\u00e6\u009d\u0090\u00e6\u2013\u2122\u00e7\u0161\u201e\u00e5\u00ae\u00a2\u00e6\u02c6\u00b7\u00e8\u00a6\u0081\u00e6\u00b1\u201a\u00e3\u20ac\u201a<\/p>\n<p>\u00e5\u0153\u00a8\u00e6\u00ad\u00a3\u00e8\u00a7\u201e\u00e5\u00b0\u00ba\u00e5\u00af\u00b8\u00e7\u0161\u201e\u00e5\u017e\u00ab\u00e6\u0153\u00a8\u00e5\u00a4\u2013\u00ef\u00bc\u0152SWP\u00e7\u0161\u201e\u00e5\u00b7\u00a5\u00e7\u00a8\u2039\u00e5\u00b8\u02c6\u00e4\u00bb\u00ac\u00e8\u00bf\u02dc\u00e5\u008f\u00af\u00e4\u00bb\u00a5\u00e5\u00ae\u0161\u00e5\u02c6\u00b6\u00e8\u00ae\u00be\u00e8\u00ae\u00a1\u00e5\u0090\u201e\u00e7\u00a7\u008d\u00e5\u00b0\u00ba\u00e5\u00af\u00b8\u00e7\u0161\u201e\u00e6\u2030\u02dc\u00e7\u203a\u02dc\u00e5\u017e\u00ab\u00e6\u0153\u00a8\u00e5\u009d\u2014\u00e6\u009d\u00a5\u00e9\u2026\u008d\u00e5\u0090\u02c6\u00e6\u201a\u00a8\u00e7\u0161\u201e\u00e5\u00b7\u00a5\u00e4\u00bd\u0153\u00e9\u0153\u20ac\u00e8\u00a6\u0081\u00e3\u20ac\u201a<\/p>\n","protected":false},"excerpt":{"rendered":"<p>\u00e6\u2030\u02dc\u00e7\u203a\u02dc\u00e5\u017e\u00ab\u00e6\u0153\u00a8 &#8211; \u00e8\u00bf\u0090\u00e9\u20ac\u0081\u00e4\u00b8\u00ad\u00e7\u0161\u201e\u00e6\u0160\u00a4\u00e5\u008d\u00ab \u00e5\u00af\u00bf\u00e5\u0090\u02c6\u00e5\u02c6\u0161\u00e6\u0153\u00a8\u00e6\u009d\u0090 [&hellip;]<\/p>\n","protected":false},"author":1,"featured_media":0,"parent":88,"menu_order":0,"comment_status":"open","ping_status":"closed","template":"product.php","meta":[],"_links":{"self":[{"href":"https:\/\/souheganwood.com\/zh-hans\/wp-json\/wp\/v2\/pages\/97"}],"collection":[{"href":"https:\/\/souheganwood.com\/zh-hans\/wp-json\/wp\/v2\/pages"}],"about":[{"href":"https:\/\/souheganwood.com\/zh-hans\/wp-json\/wp\/v2\/types\/page"}],"author":[{"embeddable":true,"href":"https:\/\/souheganwood.com\/zh-hans\/wp-json\/wp\/v2\/users\/1"}],"replies":[{"embeddable":true,"href":"https:\/\/souheganwood.com\/zh-hans\/wp-json\/wp\/v2\/comments?post=97"}],"version-history":[{"count":0,"href":"https:\/\/souheganwood.com\/zh-hans\/wp-json\/wp\/v2\/pages\/97\/revisions"}],"up":[{"embeddable":true,"href":"https:\/\/souheganwood.com\/zh-hans\/wp-json\/wp\/v2\/pages\/88"}],"wp:attachment":[{"href":"https:\/\/souheganwood.com\/zh-hans\/wp-json\/wp\/v2\/media?parent=97"}],"curies":[{"name":"wp","href":"https:\/\/api.w.org\/{rel}","templated":true}]}}