{"id":96,"date":"2010-08-26T22:57:35","date_gmt":"2010-08-26T22:57:35","guid":{"rendered":"http:\/\/souheganwood.com\/?page_id=96"},"modified":"2011-09-13T17:38:22","modified_gmt":"2011-09-13T17:38:22","slug":"cn-hot-styx","status":"publish","type":"page","link":"https:\/\/souheganwood.com\/zh-hans\/cn-products\/cn-hot-styx\/","title":{"rendered":"HotStyx\u00e9\u00a2\u2014\u00e7\u00b2\u2019\u00e7\u2021\u0192\u00e6\u2013\u2122"},"content":{"rendered":"<h1>HotStyx\u00e9\u00a2\u2014\u00e7\u00b2\u2019\u00e7\u2021\u0192\u00e6\u2013\u2122 &#8211; \u00e4\u00b8\u00ba\u00e7\u2021\u0192\u00e6\u0153\u00a8\u00e7\u0081\u00ab\u00e7\u201a\u2030\u00e5\u008f\u0160\u00e5\u00a3\u0081\u00e7\u201a\u2030\u00e5\u02c6\u00b6\u00e9\u20ac\u00a0\u00e7\u0161\u201e\u00e6\u0153\u00a8\u00e6\u2013\u2122<\/h1>\n<p>\u00e6\u2014\u00a0\u00e5\u00b0\u02dc\u00ef\u00bc\u0152\u00e6\u2014\u00a0\u00e8\u2122\u00ab\u00ef\u00bc\u0152\u00e5\u00b0\u2018\u00e7\u0192\u0178 &#8211; \u00e6\u02c6\u2018\u00e4\u00bb\u00ac\u00e7\u0161\u201e100%\u00e5\u00a4\u00a9\u00e7\u201e\u00b6\u00e5\u203a\u017e\u00e6\u201d\u00b6\u00e7\u0161\u201e\u00e6\u0153\u00a8\u00e6\u2013\u2122\u00e4\u00b9\u0178\u00e4\u00b8\u008d\u00e5\u0090\u00ab\u00e8\u0153\u00a1\u00ef\u00bc\u0152\u00e5\u00a1\u2018\u00e8\u0192\u00b6\u00ef\u00bc\u0152\u00e6\u02c6\u2013\u00e6\u02dc\u00af\u00e7\u0178\u00b3\u00e6\u00b2\u00b9\u00e6\u00b7\u00bb\u00e5\u0160\u00a0\u00e7\u2030\u00a9\u00e3\u20ac\u201a \u00e5\u00ae\u0192\u00e4\u00bb\u00ac\u00e6\u00af\u008f\u00e4\u00b8\u20ac\u00e9\u00a2\u2014\u00e7\u00b2\u2019\u00e7\u2021\u0192\u00e7\u0192\u00a7\u00e6\u2014\u00b6\u00e5\u008f\u00af\u00e9\u2021\u0160\u00e6\u201d\u00be15000BTU\u00e7\u0192\u00ad\u00e9\u2021\u008f\u00e5\u008d\u2022\u00e4\u00bd\u008d\u00e5\u00b9\u00b6\u00e4\u00b8\u201d\u00e6\u00af\u201d\u00e4\u00bc\u00a0\u00e7\u00bb\u0178\u00e7\u0161\u201e\u00e6\u0153\u00a8\u00e6\u2013\u2122\u00e5\u00b9\u00b2\u00e7\u2021\u00a5\u00ef\u00bc\u203a\u00e4\u00b8\u20ac\u00e8\u02c6\u00ac\u00e6\u2122\u2019\u00e5\u00b9\u00b2\u00e7\u0161\u201e\u00e8\u2013\u00aa\u00e6\u0178\u00b4\u00e4\u00bf\u009d\u00e6\u0152\u0081\u00e5\u00a4\u00a7\u00e7\u00ba\u00a620%\u00e7\u0161\u201e\u00e6\u00b0\u00b4\u00e5\u02c6\u2020\u00ef\u00bc\u0152\u00e4\u00bd\u2020HotStyx\u00e9\u00a2\u2014\u00e7\u00b2\u2019\u00e7\u2021\u0192\u00e6\u2013\u2122\u00e5\u008f\u00aa\u00e5\u0090\u00ab6%\u00e3\u20ac\u201a \u00e8\u00bf\u2122\u00e8\u00a1\u00a8\u00e7\u00a4\u00ba\u00e7\u2021\u0192\u00e7\u0192\u00a7\u00e5\u0090\u017d\u00e7\u00b4\u00af\u00e7\u00a7\u00af\u00e5\u0153\u00a8\u00e7\u0081\u00ab\u00e7\u201a\u2030\u00e7\u00ae\u00a1\u00e5\u008f\u0160\u00e7\u0192\u0178\u00e5\u203a\u00b1\u00e4\u00b8\u0160\u00e7\u0161\u201e\u00e6\u0153\u00a8\u00e9\u00a6\u008f\u00e6\u00b2\u00b9\u00e5\u017e\u00a2\u00e4\u00bc\u0161\u00e6\u02dc\u00be\u00e8\u2018\u2014\u00e7\u0161\u201e\u00e5\u2021\u008f\u00e5\u00b0\u2018\u00ef\u00bc\u0152\u00e9\u2122\u008d\u00e4\u00bd\u017d\u00e4\u00ba\u2020\u00e7\u0081\u00ab\u00e7\u0081\u00be\u00e7\u0161\u201e\u00e5\u008d\u00b1\u00e9\u2122\u00a9\u00e4\u00bb\u00a5\u00e5\u008f\u0160\u00e7\u00bb\u008f\u00e5\u00b8\u00b8\u00e6\u00b8\u2026\u00e7\u0090\u2020\u00e7\u0161\u201e\u00e9\u0153\u20ac\u00e8\u00a6\u0081\u00e3\u20ac\u201aHotStyx\u00e9\u00a2\u2014\u00e7\u00b2\u2019\u00e7\u2021\u0192\u00e6\u2013\u2122\u00e5\u0153\u00a8\u00e4\u00b8\u20ac\u00e8\u02c6\u00ac\u00e5\u008f\u0160\u00e4\u00be\u00bf\u00e5\u02c6\u00a9\u00e5\u2022\u2020\u00e5\u00ba\u2014\u00e5\u009d\u2021\u00e6\u0153\u2030\u00e5\u2021\u00ba\u00e5\u201d\u00ae11\u00e7\u00a3\u2026\u00e7\u0161\u201e\u00e5\u0152\u2026\u00e8\u00a3\u2026\u00ef\u00bc\u0152\u00e5\u00b0\u00b1\u00e6\u02dc\u00af\u00e6\u0153\u20ac\u00e5\u00b0\u008f\u00e7\u0161\u201e\u00e7\u0081\u00ab\u00e7\u201a\u2030\u00e4\u00b9\u0178\u00e9\u20ac\u201a\u00e5\u0090\u02c6\u00e4\u00bd\u00bf\u00e7\u201d\u00a8\u00e3\u20ac\u201a<\/p>\n","protected":false},"excerpt":{"rendered":"<p>HotStyx\u00e9\u00a2\u2014\u00e7\u00b2\u2019\u00e7\u2021\u0192\u00e6\u2013\u2122 &#8211; \u00e4\u00b8\u00ba\u00e7\u2021\u0192\u00e6\u0153\u00a8\u00e7\u0081\u00ab\u00e7\u201a\u2030\u00e5\u008f\u0160\u00e5\u00a3\u0081\u00e7\u201a\u2030\u00e5\u02c6\u00b6 [&hellip;]<\/p>\n","protected":false},"author":1,"featured_media":0,"parent":88,"menu_order":0,"comment_status":"open","ping_status":"closed","template":"product.php","meta":[],"_links":{"self":[{"href":"https:\/\/souheganwood.com\/zh-hans\/wp-json\/wp\/v2\/pages\/96"}],"collection":[{"href":"https:\/\/souheganwood.com\/zh-hans\/wp-json\/wp\/v2\/pages"}],"about":[{"href":"https:\/\/souheganwood.com\/zh-hans\/wp-json\/wp\/v2\/types\/page"}],"author":[{"embeddable":true,"href":"https:\/\/souheganwood.com\/zh-hans\/wp-json\/wp\/v2\/users\/1"}],"replies":[{"embeddable":true,"href":"https:\/\/souheganwood.com\/zh-hans\/wp-json\/wp\/v2\/comments?post=96"}],"version-history":[{"count":0,"href":"https:\/\/souheganwood.com\/zh-hans\/wp-json\/wp\/v2\/pages\/96\/revisions"}],"up":[{"embeddable":true,"href":"https:\/\/souheganwood.com\/zh-hans\/wp-json\/wp\/v2\/pages\/88"}],"wp:attachment":[{"href":"https:\/\/souheganwood.com\/zh-hans\/wp-json\/wp\/v2\/media?parent=96"}],"curies":[{"name":"wp","href":"https:\/\/api.w.org\/{rel}","templated":true}]}}