{"id":94,"date":"2010-08-27T15:17:32","date_gmt":"2010-08-27T15:17:32","guid":{"rendered":"http:\/\/souheganwood.com\/?page_id=94"},"modified":"2011-11-14T23:38:12","modified_gmt":"2011-11-14T23:38:12","slug":"cn-spec-chart","status":"publish","type":"page","link":"https:\/\/souheganwood.com\/zh-hans\/cn-products\/cn-corsaver-plugs\/cn-spec-chart\/","title":{"rendered":"Corsaver\u00e8\u0160\u00af\u00e5\u00a1\u017e\u00e5\u0090\u201e\u00e9\u00a1\u00b9\u00e8\u00a7\u201e\u00e6\u00a0\u00bc"},"content":{"rendered":"<h1>Corsaver\u00e2\u201e\u00a2 \u00e8\u0160\u00af\u00e5\u00a1\u017e\u00e5\u0090\u201e\u00e9\u00a1\u00b9\u00e8\u00a7\u201e\u00e6\u00a0\u00bc<\/h1>\n<table width=\"100%\" class=\"specs\" cellspacing=\"2\" cellpadding=\"5\">\n<thead>\n<tr>\n<td width=\"100\">\n<h3 class=\"caps\">\u00e4\u00ba\u00a7\u00e5\u201c\u0081<\/h3>\n<\/td>\n<td>\n<h3 class=\"caps\">\u00e5\u00a4\u2013\u00e5\u00be\u201e<\/h3>\n<\/td>\n<td>\n<h3 class=\"caps\">\u00e8\u20ac\u0090\u00e5\u017d\u2039\u00e5\u00ba\u00a6*<\/h3>\n<\/td>\n<td>\n<h3 class=\"caps\">#\u00e6\u00af\u008f\u00e7\u203a\u2019\u00e6\u2022\u00b0\u00e9\u2021\u008f<\/h3>\n<\/td>\n<td>\n<h3 class=\"caps\">\u00e7\u203a\u2019\u00e9\u2021\u008d<\/h3>\n<\/td>\n<\/tr>\n<\/thead>\n<tr>\n<td width=\"100\" class=\"\">CorSaver \u00e8\u0160\u00af\u00e5\u00a1\u017e<\/td>\n<td class=\"\">3.015\u00e8\u2039\u00b1\u00e5\u00af\u00b8<\/td>\n<td class=\"\">10,000 \u00e7\u00a3\u2026<\/td>\n<td class=\"\">100<\/td>\n<td class=\"\">35 \u00e7\u00a3\u2026<\/td>\n<\/tr>\n<tr>\n<td width=\"100\" class=\"\">CorSaver \u00e8\u0160\u00af\u00e5\u00a1\u017e<\/td>\n<td class=\"\">3.020\u00e8\u2039\u00b1\u00e5\u00af\u00b8<\/td>\n<td class=\"\">10,000 \u00e7\u00a3\u2026<\/td>\n<td class=\"\">100<\/td>\n<td class=\"\">35 \u00e7\u00a3\u2026<\/td>\n<\/tr>\n<tr>\n<td width=\"100\" class=\"\">CorSaver \u00e8\u0160\u00af\u00e5\u00a1\u017e<\/td>\n<td class=\"\">3.035\u00e8\u2039\u00b1\u00e5\u00af\u00b8<\/td>\n<td class=\"\">10,000 \u00e7\u00a3\u2026<\/td>\n<td class=\"\">100<\/td>\n<td class=\"\">35 \u00e7\u00a3\u2026<\/td>\n<\/tr>\n<tr>\n<td width=\"100\" class=\"\">Center Hole \u00e8\u0160\u00af\u00e5\u00a1\u017e<\/td>\n<td class=\"\">3\u00e8\u2039\u00b1\u00e5\u00af\u00b8<\/td>\n<td class=\"\">1,000 \u00e7\u00a3\u2026<\/td>\n<td class=\"\">100<\/td>\n<td class=\"\">35 \u00e7\u00a3\u2026<\/td>\n<\/tr>\n<tr>\n<td width=\"100\" class=\"\">Center Hole \u00e8\u0160\u00af\u00e5\u00a1\u017e<\/td>\n<td class=\"\">4\u00e8\u2039\u00b1\u00e5\u00af\u00b8<\/td>\n<td class=\"\">1,500 \u00e7\u00a3\u2026<\/td>\n<td class=\"\">72<\/td>\n<td class=\"\">32 \u00e7\u00a3\u2026<\/td>\n<\/tr>\n<tr>\n<td width=\"100\" class=\"\">Center Hole \u00e8\u0160\u00af\u00e5\u00a1\u017e<\/td>\n<td class=\"\">5\u00e8\u2039\u00b1\u00e5\u00af\u00b8<\/td>\n<td class=\"\">2,000 \u00e7\u00a3\u2026<\/td>\n<td class=\"\">40<\/td>\n<td class=\"\">30 \u00e7\u00a3\u2026<\/td>\n<\/tr>\n<tr>\n<td width=\"100\" class=\"\">Center Hole \u00e8\u0160\u00af\u00e5\u00a1\u017e<\/td>\n<td class=\"\">6\u00e8\u2039\u00b1\u00e5\u00af\u00b8<\/td>\n<td class=\"\">3,000 \u00e7\u00a3\u2026<\/td>\n<td class=\"\">32<\/td>\n<td class=\"\">32 \u00e7\u00a3\u2026<\/td>\n<\/tr>\n<\/table>\n<p style=\"font-size:10px; line-height:11pt;\">*\u00e8\u20ac\u0090\u00e5\u017d\u2039\u00e5\u00ba\u00a6\u00e6\u02dc\u00af\u00e6\u00a0\u00b9\u00e6\u008d\u00ae\u00e8\u0160\u00af\u00e5\u00a1\u017e\u00e5\u0153\u00a8Sonoco Durox 660\u00e7\u00ba\u00b8\u00e7\u00ae\u00a1\u00e8\u0160\u00af\u00e9\u2021\u0152\u00e7\u0161\u201e\u00e6\u00b5\u2039\u00e8\u00af\u2022\u00e7\u00bb\u201c\u00e6\u017e\u0153<\/p>\n<p>\u00e9\u0153\u20ac\u00e8\u00a6\u0081<a href=\"\/products\/custom-products\/\">\u00e5\u00ae\u0161\u00e5\u02c6\u00b6<\/a>\u00e7\u0161\u201e\u00e5\u00b0\u00ba\u00e5\u00af\u00b8\u00e5\u0090\u2014\u00ef\u00bc\u0178 \u00e6\u02c6\u2018\u00e4\u00bb\u00ac\u00e4\u00b9\u0178\u00e5\u008f\u00af\u00e4\u00bb\u00a5\u00e5\u0081\u0161\u00e3\u20ac\u201a<\/p>\n","protected":false},"excerpt":{"rendered":"<p>Corsaver\u00e2\u201e\u00a2 \u00e8\u0160\u00af\u00e5\u00a1\u017e\u00e5\u0090\u201e\u00e9\u00a1\u00b9\u00e8\u00a7\u201e\u00e6\u00a0\u00bc \u00e4\u00ba\u00a7\u00e5\u201c\u0081 \u00e5\u00a4\u2013\u00e5\u00be\u201e \u00e8\u20ac\u0090\u00e5\u017d\u2039\u00e5\u00ba\u00a6* [&hellip;]<\/p>\n","protected":false},"author":1,"featured_media":0,"parent":93,"menu_order":0,"comment_status":"open","ping_status":"open","template":"product.php","meta":[],"_links":{"self":[{"href":"https:\/\/souheganwood.com\/zh-hans\/wp-json\/wp\/v2\/pages\/94"}],"collection":[{"href":"https:\/\/souheganwood.com\/zh-hans\/wp-json\/wp\/v2\/pages"}],"about":[{"href":"https:\/\/souheganwood.com\/zh-hans\/wp-json\/wp\/v2\/types\/page"}],"author":[{"embeddable":true,"href":"https:\/\/souheganwood.com\/zh-hans\/wp-json\/wp\/v2\/users\/1"}],"replies":[{"embeddable":true,"href":"https:\/\/souheganwood.com\/zh-hans\/wp-json\/wp\/v2\/comments?post=94"}],"version-history":[{"count":0,"href":"https:\/\/souheganwood.com\/zh-hans\/wp-json\/wp\/v2\/pages\/94\/revisions"}],"up":[{"embeddable":true,"href":"https:\/\/souheganwood.com\/zh-hans\/wp-json\/wp\/v2\/pages\/93"}],"wp:attachment":[{"href":"https:\/\/souheganwood.com\/zh-hans\/wp-json\/wp\/v2\/media?parent=94"}],"curies":[{"name":"wp","href":"https:\/\/api.w.org\/{rel}","templated":true}]}}