{"id":91,"date":"2010-08-27T15:16:49","date_gmt":"2010-08-27T15:16:49","guid":{"rendered":"http:\/\/souheganwood.com\/?page_id=91"},"modified":"2015-03-18T09:22:20","modified_gmt":"2015-03-18T09:22:20","slug":"cn-sizing-tool","status":"publish","type":"page","link":"https:\/\/souheganwood.com\/zh-hans\/cn-sizing-tool\/","title":{"rendered":"\u00e5\u008d\u00b7\u00e8\u0160\u00af\u00e5\u00b0\u00ba\u00e7\u00a0\u0081\u00e5\u00b7\u00a5\u00e5\u2026\u00b7"},"content":{"rendered":"<h1>\u00e5\u008d\u00b7\u00e8\u0160\u00af\u00e5\u00b0\u00ba\u00e7\u00a0\u0081\u00e5\u00b7\u00a5\u00e5\u2026\u00b7<\/h1>\n<p>\u00e8\u00ae\u00a9\u00e6\u02c6\u2018\u00e4\u00bb\u00ac\u00e5\u00b8\u00ae\u00e6\u201a\u00a8\u00e8\u00ae\u00a1\u00e7\u00ae\u2014\u00e6\u201a\u00a8\u00e5\u00b7\u00a5\u00e4\u00bd\u0153\u00e9\u0153\u20ac\u00e8\u00a6\u0081\u00e7\u0161\u201e\u00e5\u008d\u00b7\u00e8\u0160\u00af\u00e7\u0161\u201e\u00e6\u00ad\u00a3\u00e7\u00a1\u00ae\u00e5\u00b0\u00ba\u00e5\u00af\u00b8\u00e3\u20ac\u201a<\/p>\n<p>\u00e6\u00a0\u00b9\u00e6\u008d\u00ae\u00e6\u201a\u00a8\u00e6\u008f\u0090\u00e4\u00be\u203a\u00e7\u203a\u00b8\u00e5\u2026\u00b3\u00e8\u00ae\u00be\u00e5\u00a4\u2021\u00e8\u00ae\u00be\u00e7\u00bd\u00ae\u00e5\u008f\u0160\u00e9\u2021\u008d\u00e9\u2021\u008f\u00e8\u00a6\u0081\u00e6\u00b1\u201a\u00e7\u0161\u201e\u00e4\u00bf\u00a1\u00e6\u0081\u00af\u00ef\u00bc\u0152\u00e6\u02c6\u2018\u00e4\u00bb\u00ac\u00e5\u008f\u00af\u00e4\u00bb\u00a5\u00e9\u00a9\u00ac\u00e4\u00b8\u0160\u00e8\u00ae\u00a1\u00e7\u00ae\u2014\u00e5\u2021\u00ba\u00e4\u00bb\u20ac\u00e4\u00b9\u02c6\u00e5\u00b0\u00ba\u00e5\u00af\u00b8\u00e7\u0161\u201e\u00e6\u00a0\u2021\u00e5\u2021\u2020\u00e5\u008d\u00b7\u00e8\u0160\u00af\u00e7\u00ac\u00a6\u00e5\u0090\u02c6\u00e6\u201a\u00a8\u00e7\u0161\u201e\u00e9\u0153\u20ac\u00e8\u00a6\u0081\u00e3\u20ac\u201a<\/p>\n<p>\u00e5\u00a6\u201a\u00e6\u0153\u2030\u00e7\u2030\u00b9\u00e6\u00ae\u0160\u00e5\u00ba\u201d\u00e7\u201d\u00a8\u00e9\u0153\u20ac\u00e6\u00b1\u201a\u00ef\u00bc\u0152\u00e6\u02c6\u2013\u00e6\u02dc\u00af\u00e6\u201a\u00a8\u00e5\u00b8\u0152\u00e6\u0153\u203a\u00e5\u0081\u0161\u00e8\u00bf\u203a\u00e4\u00b8\u20ac\u00e6\u00ad\u00a5\u00e6\u201e\u008f\u00e8\u00a7\u0081\u00e6\u00b2\u0178\u00e9\u20ac\u0161\u00ef\u00bc\u0152\u00e8\u00af\u00b7\u00e6\u201a\u00a8\u00e9\u0161\u008f\u00e6\u2014\u00b6\u00e9\u20ac\u0161\u00e8\u00bf\u2021\u00e7\u201d\u00b5\u00e5\u00ad\u0090\u00e9\u201a\u00ae\u00e4\u00bb\u00b6\u00ef\u00bc\u0152\u00e6\u02c6\u2013\u00e6\u02dc\u00af\u00e6\u2030\u201c\u00e7\u201d\u00b5\u00e8\u00af\u009d(603) 654-2311\u00e8\u0081\u201d\u00e7\u00b3\u00bb\u00e6\u02c6\u2018\u00e4\u00bb\u00ac\u00e3\u20ac\u201a<\/p>\n","protected":false},"excerpt":{"rendered":"<p>\u00e5\u008d\u00b7\u00e8\u0160\u00af\u00e5\u00b0\u00ba\u00e7\u00a0\u0081\u00e5\u00b7\u00a5\u00e5\u2026\u00b7 \u00e8\u00ae\u00a9\u00e6\u02c6\u2018\u00e4\u00bb\u00ac\u00e5\u00b8\u00ae\u00e6\u201a\u00a8\u00e8\u00ae\u00a1\u00e7\u00ae\u2014\u00e6\u201a\u00a8\u00e5\u00b7\u00a5\u00e4\u00bd\u0153\u00e9\u0153\u20ac\u00e8\u00a6\u0081 [&hellip;]<\/p>\n","protected":false},"author":1,"featured_media":0,"parent":0,"menu_order":0,"comment_status":"open","ping_status":"open","template":"product.php","meta":[],"_links":{"self":[{"href":"https:\/\/souheganwood.com\/zh-hans\/wp-json\/wp\/v2\/pages\/91"}],"collection":[{"href":"https:\/\/souheganwood.com\/zh-hans\/wp-json\/wp\/v2\/pages"}],"about":[{"href":"https:\/\/souheganwood.com\/zh-hans\/wp-json\/wp\/v2\/types\/page"}],"author":[{"embeddable":true,"href":"https:\/\/souheganwood.com\/zh-hans\/wp-json\/wp\/v2\/users\/1"}],"replies":[{"embeddable":true,"href":"https:\/\/souheganwood.com\/zh-hans\/wp-json\/wp\/v2\/comments?post=91"}],"version-history":[{"count":0,"href":"https:\/\/souheganwood.com\/zh-hans\/wp-json\/wp\/v2\/pages\/91\/revisions"}],"wp:attachment":[{"href":"https:\/\/souheganwood.com\/zh-hans\/wp-json\/wp\/v2\/media?parent=91"}],"curies":[{"name":"wp","href":"https:\/\/api.w.org\/{rel}","templated":true}]}}