{"id":90,"date":"2010-08-26T21:37:00","date_gmt":"2010-08-26T21:37:00","guid":{"rendered":"http:\/\/souheganwood.com\/?page_id=90"},"modified":"2015-03-18T09:29:58","modified_gmt":"2015-03-18T09:29:58","slug":"cn-spec-chart","status":"publish","type":"page","link":"https:\/\/souheganwood.com\/zh-hans\/cn-spec-chart\/","title":{"rendered":"\u00e5\u008d\u00b7\u00e8\u0160\u00af\u00e7\u0161\u201e\u00e5\u0090\u201e\u00e9\u00a1\u00b9\u00e8\u00a7\u201e\u00e6\u00a0\u00bc"},"content":{"rendered":"<h1>\u00e5\u008d\u00b7\u00e8\u0160\u00af\u00e7\u0161\u201e\u00e5\u0090\u201e\u00e9\u00a1\u00b9\u00e8\u00a7\u201e\u00e6\u00a0\u00bc<\/h1>\n<h3 class=\"caps\">\u00e6\u00a0\u2021\u00e5\u2021\u2020\u00e5\u008d\u00b7\u00e8\u0160\u00af<\/h3>\n<table class=\"specs\" width=\"100%\" cellspacing=\"2\" cellpadding=\"5\">\n<thead>\n<tr>\n<td width=\"30%\">\n<h3 class=\"caps\">\u00e5\u0153\u2020\u00e7\u203a\u00b4\u00e5\u00be\u201e<\/h3>\n<\/td>\n<td width=\"30%\">\n<h3 class=\"caps\">\u00e5\u2020\u2026\u00e6\u2013\u00b9\u00e5\u00bd\u00a2\u00e8\u00be\u00b9\u00e9\u2022\u00bf<\/h3>\n<\/td>\n<td width=\"40%\">\n<h3 class=\"caps\">\u00e5\u00ae\u2030\u00e5\u2026\u00a8\u00e5\u00b7\u00a5\u00e4\u00bd\u0153\u00e8\u00b4\u0178\u00e8\u008d\u00b7<br \/>\n\u00ef\u00bc\u02c6\u00e4\u00bb\u00a5\u00e5\u008d\u00b7\u00e8\u0160\u00af\u00e9\u2022\u00bf\u00e5\u00ba\u00a6\u00e4\u00b8\u00ba\u00e5\u2021\u2020\u00ef\u00bc\u2030<\/h3>\n<\/td>\n<\/tr>\n<\/thead>\n<tbody>\n<tr>\n<td>5\u00e8\u2039\u00b1\u00e5\u00af\u00b8<\/td>\n<td>2.25\u00e8\u2039\u00b1\u00e5\u00af\u00b8<\/td>\n<td>45 \u00e7\u00a3\u2026\/\u00e8\u2039\u00b1\u00e5\u00af\u00b8<\/td>\n<\/tr>\n<tr>\n<td>6\u00e8\u2039\u00b1\u00e5\u00af\u00b8<\/td>\n<td>3.25\u00e8\u2039\u00b1\u00e5\u00af\u00b8<\/td>\n<td>35 \u00e7\u00a3\u2026\/\u00e8\u2039\u00b1\u00e5\u00af\u00b8<\/td>\n<\/tr>\n<tr>\n<td>7\u00e8\u2039\u00b1\u00e5\u00af\u00b8<\/td>\n<td>3.25\u00e8\u2039\u00b1\u00e5\u00af\u00b8<\/td>\n<td>60 \u00e7\u00a3\u2026\/\u00e8\u2039\u00b1\u00e5\u00af\u00b8<\/td>\n<\/tr>\n<tr>\n<td>8\u00e8\u2039\u00b1\u00e5\u00af\u00b8<\/td>\n<td>4.25\u00e8\u2039\u00b1\u00e5\u00af\u00b8<\/td>\n<td>50 \u00e7\u00a3\u2026\/\u00e8\u2039\u00b1\u00e5\u00af\u00b8<\/td>\n<\/tr>\n<tr>\n<td>10\u00e8\u2039\u00b1\u00e5\u00af\u00b8<\/td>\n<td>4.25\u00e8\u2039\u00b1\u00e5\u00af\u00b8<\/td>\n<td>100 \u00e7\u00a3\u2026\/\u00e8\u2039\u00b1\u00e5\u00af\u00b8<\/td>\n<\/tr>\n<tr>\n<td>12\u00e8\u2039\u00b1\u00e5\u00af\u00b8<\/td>\n<td>6.25\u00e8\u2039\u00b1\u00e5\u00af\u00b8<\/td>\n<td>79 \u00e7\u00a3\u2026\/\u00e8\u2039\u00b1\u00e5\u00af\u00b8<\/td>\n<\/tr>\n<\/tbody>\n<\/table>\n<p>\u00e8\u00bf\u02dc\u00e4\u00b8\u008d\u00e7\u00a1\u00ae\u00e5\u00ae\u0161\u00ef\u00bc\u0178\u00e8\u00af\u00b7\u00e8\u00af\u2022\u00e8\u00af\u2022\u00e6\u02c6\u2018\u00e4\u00bb\u00ac\u00e6\u00a0\u2021\u00e5\u2021\u2020\u00e5\u008d\u00b7\u00e8\u0160\u00af\u00e7\u0161\u201e<a href=\"\/cn-products\/cn-belt-winding-cores\/cn-sizing-tool\/\">\u00e5\u00b0\u00ba\u00e7\u00a0\u0081\u00e5\u00b7\u00a5\u00e5\u2026\u00b7<\/a>.<\/p>\n<h3 class=\"caps\">\u00e7\u00ba\u00b8\u00e9\u009d\u00a2\u00e6\u0153\u00a8\u00e5\u008d\u00b7\u00e8\u0160\u00af<\/h3>\n<table class=\"specs\" width=\"100%\" cellspacing=\"2\" cellpadding=\"5\">\n<thead>\n<tr>\n<td width=\"30%\">\n<h3 class=\"caps\">\u00e5\u0153\u2020\u00e7\u203a\u00b4\u00e5\u00be\u201e<\/h3>\n<\/td>\n<td width=\"30%\">\n<h3 class=\"caps\">\u00e5\u2020\u2026\u00e6\u2013\u00b9\u00e5\u00bd\u00a2\u00e8\u00be\u00b9\u00e9\u2022\u00bf<\/h3>\n<\/td>\n<td width=\"40%\">\n<h3 class=\"caps\">\u00e5\u00ae\u2030\u00e5\u2026\u00a8\u00e5\u00b7\u00a5\u00e4\u00bd\u0153\u00e8\u00b4\u0178\u00e8\u008d\u00b7<br \/>\n\u00ef\u00bc\u02c6\u00e4\u00bb\u00a5\u00e5\u008d\u00b7\u00e8\u0160\u00af\u00e9\u2022\u00bf\u00e5\u00ba\u00a6\u00e4\u00b8\u00ba\u00e5\u2021\u2020\u00ef\u00bc\u2030<\/h3>\n<\/td>\n<\/tr>\n<\/thead>\n<tbody>\n<tr>\n<td>5.5\u00e8\u2039\u00b1\u00e5\u00af\u00b8<\/td>\n<td>2.25\u00e8\u2039\u00b1\u00e5\u00af\u00b8<\/td>\n<td>70 \u00e7\u00a3\u2026\/\u00e8\u2039\u00b1\u00e5\u00af\u00b8<\/td>\n<\/tr>\n<tr>\n<td>6.5\u00e8\u2039\u00b1\u00e5\u00af\u00b8<\/td>\n<td>3.25\u00e8\u2039\u00b1\u00e5\u00af\u00b8<\/td>\n<td>57 \u00e7\u00a3\u2026\/\u00e8\u2039\u00b1\u00e5\u00af\u00b8<\/td>\n<\/tr>\n<tr>\n<td>7.5\u00e8\u2039\u00b1\u00e5\u00af\u00b8<\/td>\n<td>3.25\u00e8\u2039\u00b1\u00e5\u00af\u00b8<\/td>\n<td>87 \u00e7\u00a3\u2026\/\u00e8\u2039\u00b1\u00e5\u00af\u00b8<\/td>\n<\/tr>\n<tr>\n<td>10.5\u00e8\u2039\u00b1\u00e5\u00af\u00b8<\/td>\n<td>4.25\u00e8\u2039\u00b1\u00e5\u00af\u00b8<\/td>\n<td>135 \u00e7\u00a3\u2026\/\u00e8\u2039\u00b1\u00e5\u00af\u00b8<\/td>\n<\/tr>\n<\/tbody>\n<\/table>\n<h3 class=\"caps\">\u00e6\u0153\u00a8\u00e6\u009d\u00a1\u00e9\u009d\u00a2\u00e5\u008d\u00b7\u00e8\u0160\u00af<\/h3>\n<table class=\"specs\" width=\"100%\" cellspacing=\"2\" cellpadding=\"5\">\n<thead>\n<tr>\n<td width=\"30%\">\n<h3 class=\"caps\">\u00e5\u0153\u2020\u00e7\u203a\u00b4\u00e5\u00be\u201e<\/h3>\n<\/td>\n<td width=\"30%\">\n<h3 class=\"caps\">\u00e5\u2020\u2026\u00e6\u2013\u00b9\u00e5\u00bd\u00a2\u00e8\u00be\u00b9\u00e9\u2022\u00bf<\/h3>\n<\/td>\n<td width=\"40%\">\n<h3 class=\"caps\">\u00e5\u00ae\u2030\u00e5\u2026\u00a8\u00e5\u00b7\u00a5\u00e4\u00bd\u0153\u00e8\u00b4\u0178\u00e8\u008d\u00b7<br \/>\n\u00ef\u00bc\u02c6\u00e4\u00bb\u00a5\u00e5\u008d\u00b7\u00e8\u0160\u00af\u00e9\u2022\u00bf\u00e5\u00ba\u00a6\u00e4\u00b8\u00ba\u00e5\u2021\u2020\u00ef\u00bc\u2030<\/h3>\n<\/td>\n<\/tr>\n<\/thead>\n<tbody>\n<tr>\n<td>8.5\u00e8\u2039\u00b1\u00e5\u00af\u00b8<\/td>\n<td>2.25\u00e8\u2039\u00b1\u00e5\u00af\u00b8<\/td>\n<td>156 \u00e7\u00a3\u2026\/\u00e8\u2039\u00b1\u00e5\u00af\u00b8<\/td>\n<\/tr>\n<tr>\n<td>9.5\u00e8\u2039\u00b1\u00e5\u00af\u00b8<\/td>\n<td>4.25\u00e8\u2039\u00b1\u00e5\u00af\u00b8<\/td>\n<td>140 \u00e7\u00a3\u2026\/\u00e8\u2039\u00b1\u00e5\u00af\u00b8<\/td>\n<\/tr>\n<tr>\n<td>11.5\u00e8\u2039\u00b1\u00e5\u00af\u00b8<\/td>\n<td>4.25\u00e8\u2039\u00b1\u00e5\u00af\u00b8<\/td>\n<td>220 \u00e7\u00a3\u2026\/\u00e8\u2039\u00b1\u00e5\u00af\u00b8<\/td>\n<\/tr>\n<tr>\n<td>13.5\u00e8\u2039\u00b1\u00e5\u00af\u00b8<\/td>\n<td>6.25\u00e8\u2039\u00b1\u00e5\u00af\u00b8<\/td>\n<td>186 \u00e7\u00a3\u2026\/\u00e8\u2039\u00b1\u00e5\u00af\u00b8<\/td>\n<\/tr>\n<\/tbody>\n<\/table>\n<p style=\"font-size: 10px; line-height: 11pt;\">\u00e5\u00ae\u2030\u00e5\u2026\u00a8\u00e5\u00b7\u00a5\u00e4\u00bd\u0153\u00e8\u00b4\u0178\u00e8\u008d\u00b7\u00ef\u00bc\u02c6\u00e4\u00bb\u00a5\u00e6\u0153\u00a8\u00e8\u0160\u00af\u00e9\u2022\u00bf\u00e5\u00ba\u00a6\u00e4\u00b8\u00ba\u00e5\u0178\u00ba\u00e7\u201a\u00b9\u00ef\u00bc\u2030<\/p>\n<p>\u00e2\u2020\u2019 \u00e4\u00b8\u2039\u00e8\u00bd\u00bd\u00e6\u02c6\u2018\u00e4\u00bb\u00ac\u00e7\u0161\u201e\u00e5\u008d\u00b7\u00e8\u0160\u00af\u00e2\u20ac\u00a0<a href=\"http:\/\/souheganwood.com\/wp-content\/uploads\/2010\/10\/SouheganWoodProducts_BeltWinding_Cores.pdf\" target=\"_blank\">\u00e4\u00ba\u00a7\u00e5\u201c\u0081\u00e5\u008d\u00a1.<\/a>.<\/p>\n<p>\u00e8\u00bf\u02dc\u00e6\u00b2\u00a1\u00e6\u0153\u2030\u00e6\u2030\u00be\u00e5\u02c6\u00b0\u00e6\u201a\u00a8\u00e9\u0153\u20ac\u00e8\u00a6\u0081\u00e7\u0161\u201e\u00e5\u00b0\u00ba\u00e5\u00af\u00b8\u00ef\u00bc\u0178 \u00e6\u02c6\u2018\u00e4\u00bb\u00ac\u00e7\u0161\u201e\u00e5\u00b7\u00a5\u00e7\u00a8\u2039\u00e5\u00b8\u02c6\u00e5\u008f\u00af\u00e4\u00bb\u00a5<a href=\"\/cn-products\/cn-custom\/\">\u00e5\u00ae\u0161\u00e5\u02c6\u00b6\u00e8\u00ae\u00be\u00e8\u00ae\u00a1<\/a>\u00e5\u008f\u0160\u00e7\u201d\u0178\u00e4\u00ba\u00a7\u00e7\u2030\u00b9\u00e6\u00ae\u0160\u00e7\u201d\u00a8\u00e9\u20ac\u201d\u00ef\u00bc\u02c6\u00e8\u00ad\u00ac\u00e5\u00a6\u201a\u00ef\u00bc\u0152\u00e5\u0153\u2020\u00e5\u00bd\u00a2\u00e5\u00ad\u201d\u00ef\u00bc\u0152\u00e4\u00b8\u008d\u00e5\u0090\u0152\u00e7\u0161\u201e\u00e9\u2022\u00bf\u00e5\u00ba\u00a6\u00e7\u00ad\u2030\u00ef\u00bc\u2030\u00e7\u0161\u201e\u00e6\u0153\u00a8\u00e8\u0160\u00af\u00e3\u20ac\u201a<\/p>\n","protected":false},"excerpt":{"rendered":"<p>\u00e5\u008d\u00b7\u00e8\u0160\u00af\u00e7\u0161\u201e\u00e5\u0090\u201e\u00e9\u00a1\u00b9\u00e8\u00a7\u201e\u00e6\u00a0\u00bc \u00e6\u00a0\u2021\u00e5\u2021\u2020\u00e5\u008d\u00b7\u00e8\u0160\u00af \u00e5\u0153\u2020\u00e7\u203a\u00b4\u00e5\u00be\u201e \u00e5\u2020\u2026\u00e6\u2013\u00b9\u00e5\u00bd\u00a2\u00e8 [&hellip;]<\/p>\n","protected":false},"author":1,"featured_media":0,"parent":0,"menu_order":0,"comment_status":"open","ping_status":"open","template":"product.php","meta":[],"_links":{"self":[{"href":"https:\/\/souheganwood.com\/zh-hans\/wp-json\/wp\/v2\/pages\/90"}],"collection":[{"href":"https:\/\/souheganwood.com\/zh-hans\/wp-json\/wp\/v2\/pages"}],"about":[{"href":"https:\/\/souheganwood.com\/zh-hans\/wp-json\/wp\/v2\/types\/page"}],"author":[{"embeddable":true,"href":"https:\/\/souheganwood.com\/zh-hans\/wp-json\/wp\/v2\/users\/1"}],"replies":[{"embeddable":true,"href":"https:\/\/souheganwood.com\/zh-hans\/wp-json\/wp\/v2\/comments?post=90"}],"version-history":[{"count":0,"href":"https:\/\/souheganwood.com\/zh-hans\/wp-json\/wp\/v2\/pages\/90\/revisions"}],"wp:attachment":[{"href":"https:\/\/souheganwood.com\/zh-hans\/wp-json\/wp\/v2\/media?parent=90"}],"curies":[{"name":"wp","href":"https:\/\/api.w.org\/{rel}","templated":true}]}}