{"id":88,"date":"2010-08-26T18:17:31","date_gmt":"2010-08-26T18:17:31","guid":{"rendered":"http:\/\/souheganwood.com\/?page_id=88"},"modified":"2015-03-18T09:11:36","modified_gmt":"2015-03-18T09:11:36","slug":"cn-products","status":"publish","type":"page","link":"https:\/\/souheganwood.com\/zh-hans\/cn-products\/","title":{"rendered":"\u00e4\u00ba\u00a7\u00e5\u201c\u0081\u00e6\u00ba\u0090\u00e4\u00ba\u017d\u00e5\u02c6\u203a\u00e6\u2013\u00b0\u00ef\u00bc\u0152\u00e5\u201c\u0081\u00e8\u00b4\u00a8\u00ef\u00bc\u0152\u00e4\u00b8\u017d\u00e6\u0152\u0081\u00e7\u00bb\u00ad\u00e5\u008f\u2018\u00e5\u00b1\u2022"},"content":{"rendered":"<h1>\u00e4\u00ba\u00a7\u00e5\u201c\u0081\u00e6\u00ba\u0090\u00e4\u00ba\u017d\u00e5\u02c6\u203a\u00e6\u2013\u00b0\u00ef\u00bc\u0152\u00e5\u201c\u0081\u00e8\u00b4\u00a8\u00ef\u00bc\u0152\u00e4\u00b8\u017d\u00e6\u0152\u0081\u00e7\u00bb\u00ad\u00e5\u008f\u2018\u00e5\u00b1\u2022<\/h1>\n<p>\u00e5\u00af\u00bf\u00e5\u0090\u02c6\u00e5\u02c6\u0161\u00e6\u0153\u00a8\u00e6\u009d\u0090\u00e4\u00ba\u00a7\u00e5\u201c\u0081\u00e5\u2026\u00ac\u00e5\u008f\u00b8\u00ef\u00bc\u0152\u00e6\u2039\u00a5\u00e6\u0153\u2030\u00e4\u00b8\u201c\u00e5\u02c6\u00a9\u00e7\u0161\u201e\u00e5\u02c6\u00b6\u00e9\u20ac\u00a0\u00e8\u00bf\u2021\u00e7\u00a8\u2039\u00ef\u00bc\u0152\u00e5\u203a\u017e\u00e6\u201d\u00b6\u00e5\u02c6\u2020\u00e7\u00ad\u2030\u00e7\u00ba\u00a7\u00e7\u0161\u201e\u00e7\u017d\u00af\u00e4\u00bf\u009d\u00e7\u0161\u201e\u00e5\u00b0\u008f\u00e6\u0153\u00a8\u00e5\u009d\u2014\u00e6\u00b7\u00b7\u00e5\u0090\u02c6\u00e9\u00ab\u02dc\u00e5\u00bc\u00ba\u00e5\u00ba\u00a6\u00e7\u0192\u00ad\u00e5\u203a\u00ba\u00e6\u20ac\u00a7\u00e6\u00a0\u2018\u00e8\u201e\u201a\u00e5\u02c6\u00b6\u00e9\u20ac\u00a0\u00e5\u2021\u00ba\u00e4\u00b8\u20ac\u00e7\u00b3\u00bb\u00e5\u02c6\u2014\u00e7\u0161\u201e\u00e5\u017d\u2039\u00e7\u00bc\u00a9\u00e6\u0153\u00a8\u00e6\u009d\u0090\u00e4\u00ba\u00a7\u00e5\u201c\u0081\u00e3\u20ac\u201aSWP\u00e7\u0161\u201e\u00e5\u00b7\u00a5\u00e7\u00a8\u2039\u00e5\u00b8\u02c6\u00e4\u00bb\u00ac\u00e9\u20ac\u0161\u00e8\u00bf\u2021\u00e4\u00b8\u008d\u00e6\u2013\u00ad\u00e7\u0161\u201e\u00e6\u00b5\u2039\u00e8\u00af\u2022\u00ef\u00bc\u0152\u00e6\u00a3\u20ac\u00e9\u00aa\u0152\u00ef\u00bc\u0152\u00e5\u008f\u0160\u00e6\u201d\u00b9\u00e8\u2030\u00af\u00e6\u02c6\u2018\u00e4\u00bb\u00ac\u00e6\u2030\u20ac\u00e7\u201d\u0178\u00e4\u00ba\u00a7\u00e7\u0161\u201e\u00e4\u00ba\u00a7\u00e5\u201c\u0081\u00ef\u00bc\u0152\u00e4\u00bb\u00a5\u00e7\u00a1\u00ae\u00e4\u00bf\u009d\u00e5\u00ae\u0192\u00e4\u00bb\u00ac\u00e5\u0153\u00a8\u00e5\u00b8\u201a\u00e5\u0153\u00ba\u00e4\u00b8\u0160\u00e6\u02c6\u0090\u00e4\u00b8\u00ba\u00e6\u0153\u20ac\u00e5\u00af\u0152\u00e5\u02c6\u203a\u00e6\u201e\u008f\u00ef\u00bc\u0152\u00e5\u009d\u0161\u00e9\u0178\u00a7\u00e8\u20ac\u0090\u00e7\u201d\u00a8\u00e7\u0161\u201e\u00e4\u00ba\u00a7\u00e5\u201c\u0081\u00e3\u20ac\u201a<\/p>\n<p>\u00e6\u02c6\u2018\u00e4\u00bb\u00ac\u00e6\u2030\u20ac\u00e6\u0153\u2030\u00e7\u0161\u201e\u00e4\u00ba\u00a7\u00e5\u201c\u0081\u00e9\u0192\u00bd\u00e6\u02dc\u00af\u00e7\u00bb\u008f\u00e7\u201d\u00b1\u00e9\u00ab\u02dc\u00e5\u00ba\u00a6\u00e8\u2021\u00aa\u00e5\u0160\u00a8\u00e5\u0152\u2013\u00e7\u0161\u201e\u00e8\u00ae\u00be\u00e5\u00a4\u2021\u00e5\u00a4\u00a7\u00e9\u2021\u008f\u00e7\u201d\u0178\u00e4\u00ba\u00a7\u00ef\u00bc\u0152\u00e8\u00bf\u2122\u00e4\u00bb\u00a3\u00e8\u00a1\u00a8\u00e7\u009d\u20ac\u00e6\u02c6\u0090\u00e6\u0153\u00ac\u00e4\u00bd\u017d\u00ef\u00bc\u0152\u00e5\u00b0\u00ba\u00e5\u00af\u00b8\u00e4\u00b8\u20ac\u00e8\u2021\u00b4\u00e6\u20ac\u00a7\u00ef\u00bc\u0152\u00e4\u00bb\u00a5\u00e5\u008f\u0160\u00e4\u00bc\u02dc\u00e8\u2030\u00af\u00e7\u0161\u201e\u00e5\u201c\u0081\u00e8\u00b4\u00a8\u00e7\u00ae\u00a1\u00e7\u0090\u2020\u00e3\u20ac\u201a\u00e6\u02c6\u2018\u00e4\u00bb\u00ac\u00e7\u0161\u201e\u00e4\u00bb\u201c\u00e5\u00ba\u201c\u00e9\u0161\u008f\u00e6\u2014\u00b6\u00e4\u00bf\u009d\u00e6\u0153\u2030\u00e8\u00b6\u00b3\u00e9\u2021\u008f\u00e7\u0161\u201e\u00e5\u00ad\u02dc\u00e8\u00b4\u00a7\u00ef\u00bc\u0152\u00e6\u2030\u20ac\u00e4\u00bb\u00a5\u00e9\u20ac\u0161\u00e5\u00b8\u00b8\u00e5\u0153\u00a8\u00e6\u201d\u00b6\u00e5\u02c6\u00b0\u00e8\u00ae\u00a2\u00e5\u008d\u2022\u00e5\u0090\u017d\u00e5\u00bd\u201c\u00e5\u00a4\u00a9\u00e5\u00b0\u00b1\u00e5\u008f\u00af\u00e4\u00bb\u00a5\u00e5\u2021\u00ba\u00e8\u00b4\u00a7\u00e3\u20ac\u201a<\/p>\n<p>\u00e7\u201d\u00b1\u00e4\u00ba\u017d\u00e6\u02c6\u2018\u00e4\u00bb\u00ac\u00e5\u008f\u00aa\u00e4\u00bd\u00bf\u00e7\u201d\u00a8\u00e4\u00bb\u017d\u00e5\u2026\u00b6\u00e4\u00bb\u2013\u00e6\u0153\u00a8\u00e6\u2013\u2122\u00e4\u00b8\u0161\u00e7\u2022\u0152\u00e5\u203a\u017e\u00e6\u201d\u00b6\u00e7\u0161\u201e\u00e6\u0153\u00a8\u00e5\u00b1\u2018\u00ef\u00bc\u0152\u00e4\u00b8\u008d\u00e4\u00bb\u2026\u00e9\u2122\u008d\u00e4\u00bd\u017d\u00e4\u00ba\u2020\u00e8\u2021\u00aa\u00e7\u201e\u00b6\u00e5\u017d\u0178\u00e6\u2013\u2122\u00e6\u009d\u00a5\u00e6\u00ba\u0090\u00e6\u0153\u2030\u00e9\u2122\u0090\u00e7\u0161\u201e\u00e4\u00b8\u008d\u00e5\u02c6\u00a9\u00e5\u00bd\u00b1\u00e5\u201c\u008d\u00ef\u00bc\u0152\u00e5\u0090\u0152\u00e6\u2014\u00b6\u00e4\u00b9\u0178\u00e6\u00b6\u02c6\u00e9\u2122\u00a4\u00e4\u00ba\u2020\u00e8\u00bf\u2122\u00e4\u00ba\u203a\u00e6\u0153\u00a8\u00e6\u009d\u0090\u00e8\u00b5\u201e\u00e6\u00ba\u0090\u00e8\u00a2\u00ab\u00e5\u00bd\u201c\u00e6\u02c6\u0090\u00e5\u00ba\u0178\u00e6\u00b8\u00a3\u00e5\u00a1\u00ab\u00e6\u00bb\u00a1\u00e7\u0161\u201e\u00e6\u00b5\u00aa\u00e8\u00b4\u00b9 &#8211; \u00e5\u00b8\u00ae\u00e5\u0160\u00a9\u00e5\u00ae\u00a2\u00e6\u02c6\u00b7\u00e8\u00be\u00be\u00e5\u02c6\u00b0\u00e4\u00bc\u0081\u00e4\u00b8\u0161\u00e7\u0161\u201e\u00e7\u017d\u00af\u00e4\u00bf\u009d\u00e7\u203a\u00ae\u00e6\u00a0\u2021\u00e6\u02dc\u00af\u00e6\u02c6\u2018\u00e4\u00bb\u00ac\u00e5\u00af\u00b9\u00e6\u0152\u0081\u00e7\u00bb\u00ad\u00e5\u008f\u2018\u00e5\u00b1\u2022\u00e7\u0161\u201e\u00e6\u2030\u00bf\u00e8\u00af\u00ba\u00e3\u20ac\u201a<\/p>\n","protected":false},"excerpt":{"rendered":"<p>\u00e4\u00ba\u00a7\u00e5\u201c\u0081\u00e6\u00ba\u0090\u00e4\u00ba\u017d\u00e5\u02c6\u203a\u00e6\u2013\u00b0\u00ef\u00bc\u0152\u00e5\u201c\u0081\u00e8\u00b4\u00a8\u00ef\u00bc\u0152\u00e4\u00b8\u017d\u00e6\u0152\u0081\u00e7\u00bb\u00ad\u00e5\u008f\u2018\u00e5\u00b1\u2022 \u00e5\u00af\u00bf\u00e5\u0090\u02c6\u00e5\u02c6\u0161 [&hellip;]<\/p>\n","protected":false},"author":1,"featured_media":0,"parent":0,"menu_order":0,"comment_status":"open","ping_status":"open","template":"primary-products-4.php","meta":[],"_links":{"self":[{"href":"https:\/\/souheganwood.com\/zh-hans\/wp-json\/wp\/v2\/pages\/88"}],"collection":[{"href":"https:\/\/souheganwood.com\/zh-hans\/wp-json\/wp\/v2\/pages"}],"about":[{"href":"https:\/\/souheganwood.com\/zh-hans\/wp-json\/wp\/v2\/types\/page"}],"author":[{"embeddable":true,"href":"https:\/\/souheganwood.com\/zh-hans\/wp-json\/wp\/v2\/users\/1"}],"replies":[{"embeddable":true,"href":"https:\/\/souheganwood.com\/zh-hans\/wp-json\/wp\/v2\/comments?post=88"}],"version-history":[{"count":0,"href":"https:\/\/souheganwood.com\/zh-hans\/wp-json\/wp\/v2\/pages\/88\/revisions"}],"wp:attachment":[{"href":"https:\/\/souheganwood.com\/zh-hans\/wp-json\/wp\/v2\/media?parent=88"}],"curies":[{"name":"wp","href":"https:\/\/api.w.org\/{rel}","templated":true}]}}