{"id":80,"date":"2010-08-26T23:43:35","date_gmt":"2010-08-26T23:43:35","guid":{"rendered":"http:\/\/souheganwood.com\/?page_id=80"},"modified":"2015-03-18T07:27:27","modified_gmt":"2015-03-18T07:27:27","slug":"cn-company-history","status":"publish","type":"page","link":"https:\/\/souheganwood.com\/zh-hans\/cn-about\/cn-company-history\/","title":{"rendered":"\u00e4\u00b8\u20ac\u00e9\u0192\u00a8\u00e7\u2039\u00ac\u00e5\u2026\u00b7\u00e5\u02c6\u203a\u00e9\u20ac\u00a0\u00e4\u00b8\u017d\u00e5\u00ae\u017e\u00e5\u0160\u203a\u00e7\u0161\u201e\u00e5\u017d\u2020\u00e5\u008f\u00b2"},"content":{"rendered":"<h1>\u00e4\u00b8\u20ac\u00e9\u0192\u00a8\u00e7\u2039\u00ac\u00e5\u2026\u00b7\u00e7\u2039\u00ac\u00e5\u02c6\u203a\u00e4\u00b8\u017d\u00e5\u00ae\u017e\u00e5\u0160\u203a\u00e7\u0161\u201e\u00e5\u017d\u2020\u00e5\u008f\u00b2<\/h1>\n<p>\u00e5\u00af\u00bf\u00e5\u0090\u02c6\u00e5\u02c6\u0161\u00e6\u0153\u00a8\u00e6\u009d\u0090\u00e4\u00ba\u00a7\u00e5\u201c\u0081\u00e5\u2026\u00ac\u00e5\u008f\u00b8\u00e5\u0153\u00a870\u00e5\u00a4\u0161\u00e5\u00b9\u00b4\u00e4\u00bb\u00a5\u00e5\u2030\u008d\u00e5\u00b0\u00b1\u00e6\u201e\u008f\u00e8\u00af\u2020\u00e5\u02c6\u00b0\u00e5\u203a\u017e\u00e6\u201d\u00b6\u00e6\u0153\u00a8\u00e6\u009d\u0090\u00e4\u00ba\u00a7\u00e5\u201c\u0081\u00e5\u0153\u00a8\u00e7\u017d\u00af\u00e4\u00bf\u009d\u00e4\u00b8\u017d\u00e7\u00bb\u008f\u00e6\u00b5\u017d\u00e4\u00b8\u0160\u00e7\u0161\u201e\u00e4\u00bb\u00b7\u00e5\u20ac\u00bc\u00e3\u20ac\u201a\u00e6\u2022\u2026\u00e4\u00ba\u2039\u00e6\u02dc\u00af\u00e4\u00bb\u017d\u00e6\u02c6\u2018\u00e4\u00bb\u00ac\u00e7\u0161\u201e\u00e6\u203a\u00be\u00e7\u00a5\u2013\u00e7\u02c6\u00b6 \u00e6\u0153\u2014\u00e5\u00a4\u0161\u00e5\u00a4\u00ab\u00e2\u20ac\u0153\u00e6\u0153\u2014\u00e8\u00bf\u00aa\u00e2\u20ac\u009d\u00e2\u20ac\u00a2\u00e6\u00a2\u2026\u00e4\u00ba\u0161(C. Randolph \u00e2\u20ac\u0153Randy\u00e2\u20ac\u009d Myer)\u00e5\u00bc\u20ac\u00e5\u00a7\u2039\u00ef\u00bc\u0152\u00e4\u00bb\u2013\u00e6\u00af\u2022\u00e4\u00b8\u0161\u00e4\u00ba\u017d\u00e9\u00ba\u00bb\u00e5\u00b7\u017e\u00e7\u0090\u2020\u00e5\u00b7\u00a5\u00e5\u00ad\u00a6\u00e9\u2122\u00a2\u00e6\u0153\u00ba\u00e6\u00a2\u00b0\u00e5\u00b7\u00a5\u00e7\u00a8\u2039\u00e7\u00b3\u00bb\u00e8\u20ac\u0152\u00e4\u00b8\u201d\u00e5\u00af\u00b9\u00e5\u00a6\u201a\u00e4\u00bd\u2022\u00e5\u02c6\u00a9\u00e7\u201d\u00a8\u00e6\u0153\u00a8\u00e6\u2013\u2122\u00e5\u00a4\u201e\u00e7\u0090\u2020\u00e4\u00bd\u0153\u00e4\u00b8\u0161\u00e4\u00b8\u00ad\u00e4\u00ba\u00a7\u00e7\u201d\u0178\u00e7\u0161\u201e\u00e5\u00ba\u0178\u00e6\u2013\u2122\u00e4\u00b8\u20ac\u00e7\u203a\u00b4\u00e6\u0153\u2030\u00e5\u2026\u00b4\u00e8\u00b6\u00a3\u00e3\u20ac\u201a\u00e5\u0153\u00a8\u00e4\u00bb\u2013\u00e6\u00af\u2022\u00e4\u00b8\u0161\u00e5\u0090\u017d\u00e8\u00bf\u203a\u00e5\u2026\u00a5\u00e9\u0161\u2020\u00e8\u00b4\u009d\u00e5\u00b0\u201d\u00e6\u0153\u00a8\u00e6\u009d\u0090\u00e5\u2026\u00ac\u00e5\u008f\u00b8\u00e5\u00b7\u00a5\u00e4\u00bd\u0153\u00ef\u00bc\u0152\u00e5\u00af\u00b9\u00e5\u00a6\u201a\u00e4\u00bd\u2022\u00e5\u00a4\u201e\u00e7\u0090\u2020\u00e5\u00a4\u00a7\u00e9\u2021\u008f\u00e7\u0161\u201e\u00e6\u0153\u00a8\u00e6\u009d\u0090\u00e5\u00ba\u0178\u00e6\u2013\u2122\u00e6\u203a\u00b4\u00e5\u0160\u00a0\u00e5\u2026\u00b3\u00e5\u00bf\u0192\u00e3\u20ac\u201a\u00e5\u00a4\u00a7\u00e7\u00ba\u00a6\u00e5\u0153\u00a820\u00e5\u00b9\u00b4\u00e5\u0090\u017d\u00e4\u00bb\u2013\u00e6\u2030\u00be\u00e5\u02c6\u00b0\u00e4\u00ba\u2020\u00e7\u00ad\u201d\u00e6\u00a1\u02c6\u00e3\u20ac\u201a<\/p>\n<p>\u00e5\u0153\u00a81938\u00e5\u00b9\u00b4\u00e7\u0161\u201e\u00e9\u00a3\u017d\u00e7\u0081\u00be\u00e9\u2021\u0152\u00ef\u00bc\u0152\u00e5\u2021\u00a0\u00e4\u00b9\u017d\u00e5\u0153\u00a8\u00e6\u2013\u00b0\u00e7\u00bd\u2022\u00e5\u00b8\u0192\u00e5\u00a4\u008f\u00e5\u00b7\u017e\u00e5\u00a8\u0081\u00e5\u00b0\u201d\u00e9\u00a1\u00bf\u00e7\u0161\u201e\u00e6\u2030\u20ac\u00e6\u0153\u2030\u00e7\u0161\u201e\u00e6\u00a0\u2018\u00e9\u0192\u00bd\u00e8\u00a2\u00ab\u00e5\u0090\u00b9\u00e5\u20ac\u2019\u00e5\u00b9\u00b6\u00e4\u00b8\u201d\u00e5\u0153\u00a8\u00e5\u0090\u201e\u00e5\u0153\u00b0\u00e5\u00a0\u2020\u00e7\u00a7\u00af\u00e5\u00a6\u201a\u00e5\u00b1\u00b1\u00e3\u20ac\u201a\u00e6\u0153\u2014\u00e8\u00bf\u00aa\u00e5\u0153\u00a8\u00e5\u0178\u017d\u00e9\u2021\u0152\u00e4\u00b9\u00b0\u00e4\u00ba\u2020\u00e4\u00b8\u20ac\u00e4\u00b8\u00aa\u00e9\u201d\u00af\u00e6\u0153\u00a8\u00e5\u00b7\u00a5\u00e5\u017d\u201a\u00e5\u00bc\u20ac\u00e5\u00a7\u2039\u00e6\u0160\u0160\u00e5\u20ac\u2019\u00e4\u00b8\u2039\u00e6\u009d\u00a5\u00e7\u0161\u201e\u00e6\u00a0\u2018\u00e5\u00a4\u201e\u00e7\u0090\u2020\u00e6\u02c6\u0090\u00e6\u0153\u00a8\u00e6\u009d\u00bf\u00e6\u009d\u0090\u00e6\u2013\u2122\u00e5\u00b9\u00b6\u00e6\u0160\u0160\u00e5\u00ae\u0192\u00e4\u00bb\u00ac\u00e7\u201d\u00a8\u00e9\u201c\u0081\u00e8\u00b7\u00af\u00e8\u00bf\u0090\u00e5\u02c6\u00b0\u00e6\u2013\u00b0\u00e8\u2039\u00b1\u00e6\u00a0\u00bc\u00e5\u2026\u00b0\u00e7\u0161\u201e\u00e5\u0090\u201e\u00e5\u0178\u017d\u00e9\u2022\u2021\u00e3\u20ac\u201a<\/p>\n<p>\u00e8\u00bf\u2122\u00e4\u00b8\u00aa\u00e6\u2013\u00b0\u00e9\u201d\u00af\u00e6\u0153\u00a8\u00e5\u00b7\u00a5\u00e5\u017d\u201a\u00e7\u0161\u201e\u00e4\u00bd\u0153\u00e4\u00b8\u0161\u00e4\u00ba\u00a7\u00e7\u201d\u0178\u00e5\u00a4\u00a7\u00e9\u2021\u008f\u00e5\u00a6\u201a\u00e5\u00b1\u00b1\u00e7\u0161\u201e\u00e9\u201d\u00af\u00e5\u00b1\u2018\u00e5\u00a0\u2020 &#8211; \u00e4\u00b9\u0178\u00e6\u008f\u0090\u00e4\u00be\u203a\u00e4\u00ba\u2020\u00e8\u00a7\u00a3\u00e5\u2020\u00b3\u00e5\u203a\u00b0\u00e6\u2030\u00b0\u00e4\u00ba\u2020\u00e6\u0153\u2014\u00e8\u00bf\u00aa\u00e5\u00a4\u0161\u00e5\u00b9\u00b4\u00e6\u009d\u00a5\u00e9\u2014\u00ae\u00e9\u00a2\u02dc\u00e7\u0161\u201e\u00e5\u00a5\u2018\u00e6\u0153\u00ba\u00e3\u20ac\u201a\u00e5\u0153\u00a8\u00e4\u00ba\u0152\u00e6\u00ac\u00a1\u00e4\u00b8\u2013\u00e7\u2022\u0152\u00e5\u00a4\u00a7\u00e6\u02c6\u02dc\u00e6\u0153\u0178\u00e9\u2014\u00b4\u00e4\u00bb\u2013\u00e5\u02c6\u00b6\u00e9\u20ac\u00a0\u00e4\u00ba\u2020\u00e5\u00bc\u00b9\u00e8\u008d\u00af\u00e7\u00ae\u00b1\u00ef\u00bc\u0152\u00e7\u201e\u00b6\u00e5\u0090\u017d\u00e5\u0153\u00a81944\u00e5\u00b9\u00b4\u00e4\u00b8\u00ad\u00e4\u00bb\u2013\u00e5\u008f\u2018\u00e5\u00b1\u2022\u00e5\u2021\u00ba\u00e4\u00b8\u20ac\u00e5\u00a5\u2014\u00e7\u2030\u00b9\u00e6\u00ae\u0160\u00e6\u0160\u20ac\u00e6\u0153\u00af\u00e9\u00a6\u2013\u00e5\u2026\u02c6\u00e5\u00b0\u2020\u00e8\u00bf\u2122\u00e6\u009d\u00a5\u00e6\u00ba\u0090\u00e5\u2026\u2026\u00e8\u00a3\u2022\u00e7\u0161\u201e\u00e9\u201d\u00af\u00e5\u00b1\u2018\u00e5\u02c6\u00b6\u00e9\u20ac\u00a0\u00e6\u02c6\u0090\u00e5\u02c6\u00a8\u00e8\u0160\u00b1\u00e6\u009d\u00bf\u00ef\u00bc\u0152\u00e8\u00bf\u2122\u00e5\u02c6\u00a8\u00e8\u0160\u00b1\u00e6\u009d\u00bf\u00e5\u00be\u02c6\u00e5\u00bf\u00ab\u00e5\u0153\u00b0\u00e5\u0153\u00a81950\u00e5\u00b9\u00b4\u00e4\u00bb\u00a3\u00e7\u0161\u201e\u00e7\u00be\u017d\u00e5\u203a\u00bd\u00e6\u02c6\u00bf\u00e5\u00b8\u201a\u00e7\u0192\u00ad\u00e6\u00bd\u00ae\u00e4\u00b8\u00ad\u00e6\u02c6\u0090\u00e4\u00b8\u00ba\u00e5\u0178\u00ba\u00e6\u0153\u00ac\u00e7\u0161\u201e\u00e5\u00bb\u00ba\u00e7\u00ad\u2018\u00e6\u009d\u0090\u00e6\u2013\u2122\u00e3\u20ac\u201a<\/p>\n<p>\u00e5\u0153\u00a8\u00e9\u00a2\u201e\u00e8\u00a7\u0081\u00e5\u2021\u00ba\u00e6\u0153\u00a8\u00e6\u009d\u0090\u00e5\u2030\u00af\u00e4\u00ba\u00a7\u00e5\u201c\u0081\u00e7\u0161\u201e\u00e5\u0090\u201e\u00e7\u00a7\u008d\u00e6\u2013\u00b0\u00e5\u00ba\u201d\u00e7\u201d\u00a8\u00ef\u00bc\u0152\u00e5\u00af\u00bf\u00e5\u0090\u02c6\u00e5\u02c6\u0161\u00e7\u0161\u201e\u00e5\u02c6\u203a\u00e4\u00b8\u0161\u00e5\u00b7\u00a5\u00e7\u00a8\u2039\u00e5\u00b8\u02c6\u00e4\u00bb\u00ac\u00e5\u00bc\u20ac\u00e5\u00a7\u2039\u00e7\u201d\u00a8\u00e5\u00ae\u0161\u00e5\u02c6\u00b6\u00e7\u0161\u201e\u00e6\u0153\u00ba\u00e6\u00a2\u00b0\u00e5\u00bc\u20ac\u00e5\u008f\u2018\u00e5\u2021\u00ba\u00e6\u00a8\u00a1\u00e5\u02c6\u00b6\u00e4\u00bb\u00a5\u00e5\u008f\u0160\u00e6\u0152\u00a4\u00e5\u017d\u2039\u00e7\u00ad\u2030\u00e6\u2013\u00b0\u00e6\u0160\u20ac\u00e6\u0153\u00af\u00e8\u00ae\u00a9\u00e5\u008d\u00b7\u00e5\u00b8\u00a6\u00e8\u0160\u00af\u00e8\u00b7\u0178\u00e5\u2026\u00b6\u00e5\u00ae\u0192\u00e5\u2022\u2020\u00e4\u00b8\u0161\u00e7\u201d\u00a8\u00e4\u00b8\u017d\u00e5\u00b7\u00a5\u00e4\u00b8\u0161\u00e7\u201d\u00a8\u00e4\u00ba\u00a7\u00e5\u201c\u0081\u00e5\u00be\u2014\u00e4\u00bb\u00a5\u00e7\u201d\u0178\u00e4\u00ba\u00a7\u00e9\u009d\u00a2\u00e5\u00b8\u201a\u00e3\u20ac\u201a<\/p>\n<p>\u00e5\u0153\u00a8\u00e6\u02c6\u2018\u00e4\u00bb\u00ac\u00e7\u0161\u201e\u00e5\u00ae\u00b6\u00e5\u00ba\u00ad\u00e4\u00bc\u0081\u00e4\u00b8\u0161\u00e8\u00bf\u203a\u00e5\u2026\u00a5\u00e7\u00ac\u00ac\u00e5\u203a\u203a\u00e4\u00b8\u2013\u00e4\u00bb\u00a3\u00e7\u0161\u201e\u00e5\u0090\u0152\u00e6\u2014\u00b6\u00ef\u00bc\u0152\u00e6\u02c6\u2018\u00e4\u00bb\u00ac\u00e4\u00b9\u0178\u00e8\u00a2\u00ab\u00e5\u2026\u00ac\u00e8\u00ae\u00a4\u00e4\u00b8\u00ba\u00e5\u0153\u00a8\u00e6\u008f\u0090\u00e4\u00be\u203a\u00e5\u008f\u00af\u00e9\u009d\u00a0\u00e7\u0161\u201e\u00e5\u203a\u017e\u00e6\u201d\u00b6\u00e6\u0153\u00a8\u00e6\u2013\u2122\u00e4\u00ba\u00a7\u00e5\u201c\u0081\u00e7\u00bb\u2122\u00e4\u00b8\u2013\u00e7\u2022\u0152\u00e5\u0090\u201e\u00e5\u0153\u00b0\u00e9\u00ab\u02dc\u00e5\u201c\u0081\u00e8\u00b4\u00a8\u00e8\u00a6\u0081\u00e6\u00b1\u201a\u00e7\u0161\u201e\u00e4\u00bc\u0081\u00e4\u00b8\u0161\u00e4\u00bc\u2122\u00e4\u00bc\u00b4\u00e4\u00b8\u0160\u00e5\u00b1\u2026\u00e4\u00ba\u017d\u00e9\u00a2\u2020\u00e5\u2026\u02c6\u00e7\u0161\u201e\u00e5\u0153\u00b0\u00e4\u00bd\u008d\u00e3\u20ac\u201a<\/p>\n","protected":false},"excerpt":{"rendered":"<p>\u00e4\u00b8\u20ac\u00e9\u0192\u00a8\u00e7\u2039\u00ac\u00e5\u2026\u00b7\u00e7\u2039\u00ac\u00e5\u02c6\u203a\u00e4\u00b8\u017d\u00e5\u00ae\u017e\u00e5\u0160\u203a\u00e7\u0161\u201e\u00e5\u017d\u2020\u00e5\u008f\u00b2 \u00e5\u00af\u00bf\u00e5\u0090\u02c6\u00e5\u02c6\u0161\u00e6\u0153\u00a8\u00e6\u009d\u0090\u00e4\u00ba\u00a7 [&hellip;]<\/p>\n","protected":false},"author":1,"featured_media":0,"parent":77,"menu_order":0,"comment_status":"open","ping_status":"closed","template":"about.php","meta":[],"_links":{"self":[{"href":"https:\/\/souheganwood.com\/zh-hans\/wp-json\/wp\/v2\/pages\/80"}],"collection":[{"href":"https:\/\/souheganwood.com\/zh-hans\/wp-json\/wp\/v2\/pages"}],"about":[{"href":"https:\/\/souheganwood.com\/zh-hans\/wp-json\/wp\/v2\/types\/page"}],"author":[{"embeddable":true,"href":"https:\/\/souheganwood.com\/zh-hans\/wp-json\/wp\/v2\/users\/1"}],"replies":[{"embeddable":true,"href":"https:\/\/souheganwood.com\/zh-hans\/wp-json\/wp\/v2\/comments?post=80"}],"version-history":[{"count":0,"href":"https:\/\/souheganwood.com\/zh-hans\/wp-json\/wp\/v2\/pages\/80\/revisions"}],"up":[{"embeddable":true,"href":"https:\/\/souheganwood.com\/zh-hans\/wp-json\/wp\/v2\/pages\/77"}],"wp:attachment":[{"href":"https:\/\/souheganwood.com\/zh-hans\/wp-json\/wp\/v2\/media?parent=80"}],"curies":[{"name":"wp","href":"https:\/\/api.w.org\/{rel}","templated":true}]}}