{"id":101,"date":"2010-08-26T23:41:05","date_gmt":"2010-08-26T23:41:05","guid":{"rendered":"http:\/\/souheganwood.com\/?page_id=101"},"modified":"2015-03-18T08:26:49","modified_gmt":"2015-03-18T08:26:49","slug":"cn-manufacturing","status":"publish","type":"page","link":"https:\/\/souheganwood.com\/zh-hans\/cn-industries\/cn-manufacturing\/","title":{"rendered":"\u00e5\u02c6\u00b6\u00e9\u20ac\u00a0\u00e4\u00b8\u0161"},"content":{"rendered":"<h1>\u00e5\u02c6\u00b6\u00e9\u20ac\u00a0\u00e4\u00b8\u0161<\/h1>\n<p>\u00e7\u201d\u0178\u00e4\u00ba\u00a7\u00e5\u02c6\u00b6\u00e9\u20ac\u00a0\u00e4\u00b8\u0161\u00e5\u0153\u00a8\u00e7\u201d\u0178\u00e4\u00ba\u00a7\u00e8\u00bf\u2021\u00e7\u00a8\u2039\u00e4\u00b8\u00ad\u00e7\u0161\u201e\u00e6\u00af\u008f\u00e4\u00b8\u20ac\u00e7\u017d\u00af\u00e8\u0160\u201a\u00e9\u0192\u00bd\u00e8\u00a6\u0081\u00e6\u00b1\u201a\u00e8\u00a7\u00a3\u00e5\u2020\u00b3\u00e9\u00ab\u02dc\u00e6\u2022\u02c6\u00e7\u017d\u2021\u00ef\u00bc\u0152\u00e8\u00b4\u00a8\u00e9\u2021\u008f\u00e7\u00ae\u00a1\u00e7\u0090\u2020\u00e4\u00b8\u017d\u00e6\u02c6\u0090\u00e6\u0153\u00ac\u00e6\u2022\u02c6\u00e7\u203a\u0160\u00e7\u0161\u201e\u00e6\u2013\u00b9\u00e6\u00a1\u02c6\u00e3\u20ac\u201a<\/p>\n<p>\u00e6\u02c6\u2018\u00e4\u00bb\u00ac\u00e7\u0161\u201e<a href=\"\/cn-products\/cn-belt-winding-cores\/\">\u00e5\u008d\u00b7\u00e8\u0160\u00af<\/a>\u00e7\u00bb\u00b4\u00e6\u0152\u0081\u00e5\u0090\u201e\u00e4\u00ba\u00a7\u00e4\u00b8\u0161\u00e7\u201d\u0178\u00e4\u00ba\u00a7\u00e7\u00ba\u00bf\u00e9\u00a1\u00ba\u00e5\u02c6\u00a9\u00e8\u00bf\u0090\u00e8\u00bd\u00ac\u00e5\u00b7\u00b2\u00e6\u0153\u2030\u00e8\u00b6\u2026\u00e8\u00bf\u202155\u00e5\u00b9\u00b4\u00e7\u0161\u201e\u00e5\u017d\u2020\u00e5\u008f\u00b2\u00ef\u00bc\u0152\u00e8\u20ac\u0152\u00e6\u02c6\u2018\u00e4\u00bb\u00ac\u00e5\u009d\u0161\u00e5\u203a\u00ba\u00e7\u0161\u201e<a href=\"\/cn-products\/cn-pallet-spacers\/\">\u00e6\u2030\u02dc\u00e7\u203a\u02dc\u00e5\u017e\u00ab<\/a>\u00e4\u00b9\u0178\u00e8\u00ae\u00a9\u00e8\u00b4\u00a7\u00e5\u201c\u0081\u00e8\u00bf\u0090\u00e9\u20ac\u0081\u00e6\u2014\u00b6\u00e8\u00b5\u00b7\u00e5\u02c6\u00b0\u00e7\u00a8\u00b3\u00e5\u00ae\u0161\u00e5\u2019\u0152\u00e9\u02dc\u00b2\u00e6\u0160\u00a4\u00e7\u0161\u201e\u00e4\u00bd\u0153\u00e7\u201d\u00a8\u00e3\u20ac\u201a<\/p>\n<p>\u00e5\u00af\u00b9\u00e4\u00ba\u017d\u00e6\u00ad\u00a3\u00e5\u0153\u00a8\u00e5\u00bc\u20ac\u00e5\u008f\u2018\u00e4\u00b8\u00ad\u00e7\u0161\u201e\u00e5\u00b4\u00ad\u00e6\u2013\u00b0\u00e7\u201d\u0178\u00e4\u00ba\u00a7\u00e7\u00b3\u00bb\u00e7\u00bb\u0178\u00ef\u00bc\u0152\u00e5\u008f\u00af\u00e5\u008f\u201a\u00e8\u20ac\u0192\u00e6\u02c6\u2018\u00e4\u00bb\u00ac\u00e7\u0161\u201e\u00e5\u017d\u2039\u00e7\u00bc\u00a9\u00e6\u0153\u00a8<a href=\"\/cn-products\/cn-custom\/\">\u00e5\u00ae\u0161\u00e5\u02c6\u00b6\u00e8\u00ae\u00be\u00e8\u00ae\u00a1\u00e4\u00ba\u00a7\u00e5\u201c\u0081<\/a>\u00ef\u00bc\u0152\u00e7\u201d\u00a8\u00e5\u0153\u00a8\u00e5\u00a6\u201a\u00e4\u00bd\u2022\u00e6\u00bb\u00a1\u00e8\u00b6\u00b3\u00e6\u201a\u00a8\u00e7\u201d\u0178\u00e4\u00ba\u00a7\u00e4\u00b8\u00ad\u00e6\u2030\u20ac\u00e9\u0153\u20ac\u00e8\u00a6\u0081\u00e7\u0161\u201e\u00e5\u00bc\u00ba\u00e5\u00ba\u00a6\u00e4\u00b8\u017d\u00e8\u20ac\u0090\u00e4\u00b9\u2026\u00e6\u20ac\u00a7\u00e6\u2013\u00b9\u00e9\u009d\u00a2\u00e4\u00bd\u0153\u00e4\u00b8\u00ba\u00e5\u008f\u201a\u00e7\u2026\u00a7\u00e3\u20ac\u201a<\/p>\n","protected":false},"excerpt":{"rendered":"<p>\u00e5\u02c6\u00b6\u00e9\u20ac\u00a0\u00e4\u00b8\u0161 \u00e7\u201d\u0178\u00e4\u00ba\u00a7\u00e5\u02c6\u00b6\u00e9\u20ac\u00a0\u00e4\u00b8\u0161\u00e5\u0153\u00a8\u00e7\u201d\u0178\u00e4\u00ba\u00a7\u00e8\u00bf\u2021\u00e7\u00a8\u2039\u00e4\u00b8\u00ad\u00e7\u0161\u201e\u00e6\u00af\u008f\u00e4\u00b8\u20ac\u00e7\u017d\u00af [&hellip;]<\/p>\n","protected":false},"author":1,"featured_media":0,"parent":98,"menu_order":0,"comment_status":"open","ping_status":"open","template":"industry.php","meta":[],"_links":{"self":[{"href":"https:\/\/souheganwood.com\/zh-hans\/wp-json\/wp\/v2\/pages\/101"}],"collection":[{"href":"https:\/\/souheganwood.com\/zh-hans\/wp-json\/wp\/v2\/pages"}],"about":[{"href":"https:\/\/souheganwood.com\/zh-hans\/wp-json\/wp\/v2\/types\/page"}],"author":[{"embeddable":true,"href":"https:\/\/souheganwood.com\/zh-hans\/wp-json\/wp\/v2\/users\/1"}],"replies":[{"embeddable":true,"href":"https:\/\/souheganwood.com\/zh-hans\/wp-json\/wp\/v2\/comments?post=101"}],"version-history":[{"count":0,"href":"https:\/\/souheganwood.com\/zh-hans\/wp-json\/wp\/v2\/pages\/101\/revisions"}],"up":[{"embeddable":true,"href":"https:\/\/souheganwood.com\/zh-hans\/wp-json\/wp\/v2\/pages\/98"}],"wp:attachment":[{"href":"https:\/\/souheganwood.com\/zh-hans\/wp-json\/wp\/v2\/media?parent=101"}],"curies":[{"name":"wp","href":"https:\/\/api.w.org\/{rel}","templated":true}]}}